{"id":73,"date":"2019-02-28T17:53:19","date_gmt":"2019-02-28T16:53:19","guid":{"rendered":"http:\/\/edzacaire.fr\/?page_id=73"},"modified":"2019-03-30T12:56:13","modified_gmt":"2019-03-30T11:56:13","slug":"bulletins","status":"publish","type":"page","link":"https:\/\/edzacaire.fr\/index.php\/bulletins\/","title":{"rendered":"Bulletins"},"content":{"rendered":"\n<h2 class=\"wp-block-heading\">T\u00e9l\u00e9charger nos bulletins<\/h2>\n\n\n\n<p>Sur cette page vous pouvez t\u00e9l\u00e9chargez nos bulletins en cliquant sur les liens ci dessous<\/p>\n\n\n\n<p><\/p>\n\n\n\n<div class=\"wp-block-file\"><a href=\"https:\/\/edzacaire.fr\/wp-content\/uploads\/2019\/03\/CHARRETTE_020.pdf\">CHARRETTE_020<\/a><a href=\"https:\/\/edzacaire.fr\/wp-content\/uploads\/2019\/03\/CHARRETTE_020.pdf\" class=\"wp-block-file__button\" download>T\u00e9l\u00e9charger<\/a><\/div>\n\n\n\n<div class=\"wp-block-file\"><a href=\"https:\/\/edzacaire.fr\/wp-content\/uploads\/2019\/03\/CHARRETTE_019.pdf\">CHARRETTE_019<\/a><a href=\"https:\/\/edzacaire.fr\/wp-content\/uploads\/2019\/03\/CHARRETTE_019.pdf\" class=\"wp-block-file__button\" download>T\u00e9l\u00e9charger<\/a><\/div>\n\n\n\n<div class=\"wp-block-file\"><a href=\"https:\/\/edzacaire.fr\/wp-content\/uploads\/2019\/03\/CHARRETTE_018.pdf\">CHARRETTE_018<\/a><a href=\"https:\/\/edzacaire.fr\/wp-content\/uploads\/2019\/03\/CHARRETTE_018.pdf\" class=\"wp-block-file__button\" download>T\u00e9l\u00e9charger<\/a><\/div>\n\n\n\n<div class=\"wp-block-file\"><a href=\"https:\/\/edzacaire.fr\/wp-content\/uploads\/2019\/03\/CHARRETTE_017.pdf\">CHARRETTE_017<\/a><a href=\"https:\/\/edzacaire.fr\/wp-content\/uploads\/2019\/03\/CHARRETTE_017.pdf\" class=\"wp-block-file__button\" download>T\u00e9l\u00e9charger<\/a><\/div>\n\n\n\n<div class=\"wp-block-file\"><a href=\"https:\/\/edzacaire.fr\/wp-content\/uploads\/2019\/03\/CHARRETTE_016.pdf\">CHARRETTE_016<\/a><a href=\"https:\/\/edzacaire.fr\/wp-content\/uploads\/2019\/03\/CHARRETTE_016.pdf\" class=\"wp-block-file__button\" download>T\u00e9l\u00e9charger<\/a><\/div>\n\n\n\n<div class=\"wp-block-file\"><a href=\"https:\/\/edzacaire.fr\/wp-content\/uploads\/2019\/03\/CHARRETTE_015.pdf\">CHARRETTE_015<\/a><a href=\"https:\/\/edzacaire.fr\/wp-content\/uploads\/2019\/03\/CHARRETTE_015.pdf\" class=\"wp-block-file__button\" download>T\u00e9l\u00e9charger<\/a><\/div>\n\n\n\n<div class=\"wp-block-file\"><a href=\"https:\/\/edzacaire.fr\/wp-content\/uploads\/2019\/03\/CHARRETTE_014.pdf\">CHARRETTE_014<\/a><a href=\"https:\/\/edzacaire.fr\/wp-content\/uploads\/2019\/03\/CHARRETTE_014.pdf\" class=\"wp-block-file__button\" download>T\u00e9l\u00e9charger<\/a><\/div>\n\n\n\n<div class=\"wp-block-file\"><a href=\"https:\/\/edzacaire.fr\/wp-content\/uploads\/2019\/03\/CHARRETTE_013.pdf\">CHARRETTE_013<\/a><a href=\"https:\/\/edzacaire.fr\/wp-content\/uploads\/2019\/03\/CHARRETTE_013.pdf\" class=\"wp-block-file__button\" download>T\u00e9l\u00e9charger<\/a><\/div>\n\n\n\n<div class=\"wp-block-file\"><a href=\"https:\/\/edzacaire.fr\/wp-content\/uploads\/2019\/03\/CHARRETTE_012.pdf\">CHARRETTE_012<\/a><a href=\"https:\/\/edzacaire.fr\/wp-content\/uploads\/2019\/03\/CHARRETTE_012.pdf\" class=\"wp-block-file__button\" download>T\u00e9l\u00e9charger<\/a><\/div>\n\n\n\n<div class=\"wp-block-file\"><a href=\"https:\/\/edzacaire.fr\/wp-content\/uploads\/2019\/03\/CHARRETTE_011.pdf\">CHARRETTE_011<\/a><a href=\"https:\/\/edzacaire.fr\/wp-content\/uploads\/2019\/03\/CHARRETTE_011.pdf\" class=\"wp-block-file__button\" download>T\u00e9l\u00e9charger<\/a><\/div>\n\n\n\n<div class=\"wp-block-file\"><a href=\"https:\/\/edzacaire.fr\/wp-content\/uploads\/2019\/03\/CHARRETTE_010.pdf\">CHARRETTE_010<\/a><a href=\"https:\/\/edzacaire.fr\/wp-content\/uploads\/2019\/03\/CHARRETTE_010.pdf\" class=\"wp-block-file__button\" download>T\u00e9l\u00e9charger<\/a><\/div>\n","protected":false},"excerpt":{"rendered":"<p>T\u00e9l\u00e9charger nos bulletins Sur cette page vous pouvez t\u00e9l\u00e9chargez nos bulletins en cliquant sur les liens ci dessous<\/p>\n","protected":false},"author":3,"featured_media":0,"parent":0,"menu_order":0,"comment_status":"closed","ping_status":"closed","template":"","meta":{"footnotes":""},"class_list":["post-73","page","type-page","status-publish","hentry"],"_links":{"self":[{"href":"https:\/\/edzacaire.fr\/index.php\/wp-json\/wp\/v2\/pages\/73","targetHints":{"allow":["GET"]}}],"collection":[{"href":"https:\/\/edzacaire.fr\/index.php\/wp-json\/wp\/v2\/pages"}],"about":[{"href":"https:\/\/edzacaire.fr\/index.php\/wp-json\/wp\/v2\/types\/page"}],"author":[{"embeddable":true,"href":"https:\/\/edzacaire.fr\/index.php\/wp-json\/wp\/v2\/users\/3"}],"replies":[{"embeddable":true,"href":"https:\/\/edzacaire.fr\/index.php\/wp-json\/wp\/v2\/comments?post=73"}],"version-history":[{"count":4,"href":"https:\/\/edzacaire.fr\/index.php\/wp-json\/wp\/v2\/pages\/73\/revisions"}],"predecessor-version":[{"id":358,"href":"https:\/\/edzacaire.fr\/index.php\/wp-json\/wp\/v2\/pages\/73\/revisions\/358"}],"wp:attachment":[{"href":"https:\/\/edzacaire.fr\/index.php\/wp-json\/wp\/v2\/media?parent=73"}],"curies":[{"name":"wp","href":"https:\/\/api.w.org\/{rel}","templated":true}]}}