{"id":711,"date":"2019-04-22T12:04:25","date_gmt":"2019-04-22T10:04:25","guid":{"rendered":"http:\/\/edzacaire.fr\/?page_id=711"},"modified":"2019-05-24T16:54:05","modified_gmt":"2019-05-24T14:54:05","slug":"parrainage-de-scolarite","status":"publish","type":"page","link":"https:\/\/edzacaire.fr\/index.php\/parrainage-de-scolarite\/","title":{"rendered":"Parrainage de scolarit\u00e9s"},"content":{"rendered":"\n<p>Un des plus gros probl\u00e8mes de l&rsquo;Egypte reste l&rsquo;\u00e9ducation: 60 \u00e9l\u00e8ves par classe, parfois plus&#8230;.La plupart des \u00e9l\u00e8ves ne s&rsquo;en sortent que par les cours particuliers organis\u00e9s \u00e0 grande \u00e9chelle et gr\u00e9vant les budgets des familles de toutes les classes sociales&#8230;   Dans les familles pauvres, si on ne peut pas payer l\u2019\u00e9cole, ce sont les gar\u00e7ons qui iront en priorit\u00e9. <\/p>\n\n\n\n<p>Une \u00e9cole priv\u00e9e pour les filles, accorde des r\u00e9ductions importantes aux enfants des Zabbalins (Chiffonniers) ; des cours sont donn\u00e9s en fran\u00e7ais, atout suppl\u00e9mentaire pour trouver du travail en fin de scolarit\u00e9. L&rsquo;\u00e9cole vient de recevoir le label \u00ab&nbsp; France \u00c9ducation \u00bb \u00e0 la rentr\u00e9e 2018.<\/p>\n\n\n\n<p>A la demande de nos amis, l&rsquo;association va parrainer 4 ou 5 fillettes, en payant leur scolarit\u00e9 \u00e0 la rentr\u00e9e 2019. Le choix des fillettes chr\u00e9tiennes et musulmanes, sera fait par nos 3 amis d&rsquo;un commun accord. Les religieuses rencontrent aussi les familles propos\u00e9es.<\/p>\n\n\n\n<p>En plus de la scolarit\u00e9 r\u00e9duite , il faudra payer les livres, la cantine et le transport.<\/p>\n\n\n\n<figure class=\"wp-block-image\"><img loading=\"lazy\" decoding=\"async\" width=\"1024\" height=\"614\" src=\"https:\/\/edzacaire.fr\/wp-content\/uploads\/2019\/02\/image_3_filles-1024x614.jpg\" alt=\"\" class=\"wp-image-9\" srcset=\"https:\/\/edzacaire.fr\/wp-content\/uploads\/2019\/02\/image_3_filles-1024x614.jpg 1024w, https:\/\/edzacaire.fr\/wp-content\/uploads\/2019\/02\/image_3_filles-300x180.jpg 300w, https:\/\/edzacaire.fr\/wp-content\/uploads\/2019\/02\/image_3_filles-768x461.jpg 768w, https:\/\/edzacaire.fr\/wp-content\/uploads\/2019\/02\/image_3_filles.jpg 2000w\" sizes=\"auto, (max-width: 709px) 85vw, (max-width: 909px) 67vw, (max-width: 1362px) 62vw, 840px\" \/><\/figure>\n\n\n\n<ul class=\"wp-block-gallery columns-0 is-cropped wp-block-gallery-1 is-layout-flex wp-block-gallery-is-layout-flex\"><\/ul>\n","protected":false},"excerpt":{"rendered":"<p>Un des plus gros probl\u00e8mes de l&rsquo;Egypte reste l&rsquo;\u00e9ducation: 60 \u00e9l\u00e8ves par classe, parfois plus&#8230;.La plupart des \u00e9l\u00e8ves ne s&rsquo;en sortent que par les cours particuliers organis\u00e9s \u00e0 grande \u00e9chelle et gr\u00e9vant les budgets des familles de toutes les classes sociales&#8230; Dans les familles pauvres, si on ne peut pas payer l\u2019\u00e9cole, ce sont les &hellip; <a href=\"https:\/\/edzacaire.fr\/index.php\/parrainage-de-scolarite\/\" class=\"more-link\">Continuer la lecture<span class=\"screen-reader-text\"> de &laquo;&nbsp;Parrainage de scolarit\u00e9s&nbsp;&raquo;<\/span><\/a><\/p>\n","protected":false},"author":3,"featured_media":0,"parent":0,"menu_order":0,"comment_status":"closed","ping_status":"closed","template":"","meta":{"footnotes":""},"class_list":["post-711","page","type-page","status-publish","hentry"],"_links":{"self":[{"href":"https:\/\/edzacaire.fr\/index.php\/wp-json\/wp\/v2\/pages\/711","targetHints":{"allow":["GET"]}}],"collection":[{"href":"https:\/\/edzacaire.fr\/index.php\/wp-json\/wp\/v2\/pages"}],"about":[{"href":"https:\/\/edzacaire.fr\/index.php\/wp-json\/wp\/v2\/types\/page"}],"author":[{"embeddable":true,"href":"https:\/\/edzacaire.fr\/index.php\/wp-json\/wp\/v2\/users\/3"}],"replies":[{"embeddable":true,"href":"https:\/\/edzacaire.fr\/index.php\/wp-json\/wp\/v2\/comments?post=711"}],"version-history":[{"count":2,"href":"https:\/\/edzacaire.fr\/index.php\/wp-json\/wp\/v2\/pages\/711\/revisions"}],"predecessor-version":[{"id":800,"href":"https:\/\/edzacaire.fr\/index.php\/wp-json\/wp\/v2\/pages\/711\/revisions\/800"}],"wp:attachment":[{"href":"https:\/\/edzacaire.fr\/index.php\/wp-json\/wp\/v2\/media?parent=711"}],"curies":[{"name":"wp","href":"https:\/\/api.w.org\/{rel}","templated":true}]}}