{"id":610,"date":"2019-04-22T12:01:25","date_gmt":"2019-04-22T10:01:25","guid":{"rendered":"http:\/\/edzacaire.fr\/?page_id=610"},"modified":"2019-05-06T23:20:29","modified_gmt":"2019-05-06T21:20:29","slug":"espace-de-jeux","status":"publish","type":"page","link":"https:\/\/edzacaire.fr\/index.php\/espace-de-jeux\/","title":{"rendered":"Espace de jeux"},"content":{"rendered":"\n<p>Le jardin d&rsquo;enfants est au 1er \u00e9tage d&rsquo;un b\u00e2timent situ\u00e9 sur un terrain qui abrite des activit\u00e9s des chiffonniers. Les enfants doivent rest\u00e9 dans leur classe sans possibilit\u00e9 de bouger un peu.<\/p>\n\n\n\n<p>Nous allons cr\u00e9er un espace de jeux <\/p>\n\n\n\n<p>Un local d\u00e9saffect\u00e9, situ\u00e9 sur le terrain \u00e0 cot\u00e9 du jardin d&rsquo;enfants sera am\u00e9nag\u00e9 pour que les enfants puissent quitter leur classe et s&rsquo;amuser un peu. Il y a des travaux importants \u00e0 faire.<\/p>\n\n\n\n<ul class=\"wp-block-gallery columns-3 is-cropped wp-block-gallery-1 is-layout-flex wp-block-gallery-is-layout-flex\"><li class=\"blocks-gallery-item\"><figure><img loading=\"lazy\" decoding=\"async\" width=\"1024\" height=\"768\" src=\"https:\/\/edzacaire.fr\/wp-content\/uploads\/2019\/04\/DSC00577-1-2-1024x768.jpg\" alt=\"\" data-id=\"629\" data-link=\"https:\/\/edzacaire.fr\/?attachment_id=629\" class=\"wp-image-629\" srcset=\"https:\/\/edzacaire.fr\/wp-content\/uploads\/2019\/04\/DSC00577-1-2-1024x768.jpg 1024w, https:\/\/edzacaire.fr\/wp-content\/uploads\/2019\/04\/DSC00577-1-2-300x225.jpg 300w, https:\/\/edzacaire.fr\/wp-content\/uploads\/2019\/04\/DSC00577-1-2-768x576.jpg 768w, https:\/\/edzacaire.fr\/wp-content\/uploads\/2019\/04\/DSC00577-1-2-1200x900.jpg 1200w\" sizes=\"auto, (max-width: 709px) 85vw, (max-width: 909px) 67vw, (max-width: 1362px) 62vw, 840px\" \/><\/figure><\/li><li class=\"blocks-gallery-item\"><figure><img loading=\"lazy\" decoding=\"async\" width=\"1024\" height=\"768\" src=\"https:\/\/edzacaire.fr\/wp-content\/uploads\/2019\/04\/DSC00575-2-1024x768.jpg\" alt=\"\" data-id=\"627\" data-link=\"https:\/\/edzacaire.fr\/?attachment_id=627\" class=\"wp-image-627\" srcset=\"https:\/\/edzacaire.fr\/wp-content\/uploads\/2019\/04\/DSC00575-2-1024x768.jpg 1024w, https:\/\/edzacaire.fr\/wp-content\/uploads\/2019\/04\/DSC00575-2-300x225.jpg 300w, https:\/\/edzacaire.fr\/wp-content\/uploads\/2019\/04\/DSC00575-2-768x576.jpg 768w, https:\/\/edzacaire.fr\/wp-content\/uploads\/2019\/04\/DSC00575-2-1200x900.jpg 1200w\" sizes=\"auto, (max-width: 709px) 85vw, (max-width: 909px) 67vw, (max-width: 1362px) 62vw, 840px\" \/><\/figure><\/li><li class=\"blocks-gallery-item\"><figure><img loading=\"lazy\" decoding=\"async\" width=\"1024\" height=\"768\" src=\"https:\/\/edzacaire.fr\/wp-content\/uploads\/2019\/04\/DSC00576-2-1024x768.jpg\" alt=\"\" data-id=\"628\" data-link=\"https:\/\/edzacaire.fr\/?attachment_id=628\" class=\"wp-image-628\" srcset=\"https:\/\/edzacaire.fr\/wp-content\/uploads\/2019\/04\/DSC00576-2-1024x768.jpg 1024w, https:\/\/edzacaire.fr\/wp-content\/uploads\/2019\/04\/DSC00576-2-300x225.jpg 300w, https:\/\/edzacaire.fr\/wp-content\/uploads\/2019\/04\/DSC00576-2-768x576.jpg 768w, https:\/\/edzacaire.fr\/wp-content\/uploads\/2019\/04\/DSC00576-2-1200x900.jpg 1200w\" sizes=\"auto, (max-width: 709px) 85vw, (max-width: 909px) 67vw, (max-width: 1362px) 62vw, 840px\" \/><\/figure><\/li><\/ul>\n\n\n\n<p>Des travaux de ma\u00e7onnerie, de peinture, d&rsquo;am\u00e9nagement du sol sont \u00e0 pr\u00e9voir. L&rsquo;installation de toboggans, balan\u00e7oires etc &#8230;permettra aux enfants de  bouger un peu.<\/p>\n\n\n\n<p>Romani va suivre ce chantier.<\/p>\n","protected":false},"excerpt":{"rendered":"<p>Le jardin d&rsquo;enfants est au 1er \u00e9tage d&rsquo;un b\u00e2timent situ\u00e9 sur un terrain qui abrite des activit\u00e9s des chiffonniers. Les enfants doivent rest\u00e9 dans leur classe sans possibilit\u00e9 de bouger un peu. Nous allons cr\u00e9er un espace de jeux Un local d\u00e9saffect\u00e9, situ\u00e9 sur le terrain \u00e0 cot\u00e9 du jardin d&rsquo;enfants sera am\u00e9nag\u00e9 pour que &hellip; <a href=\"https:\/\/edzacaire.fr\/index.php\/espace-de-jeux\/\" class=\"more-link\">Continuer la lecture<span class=\"screen-reader-text\"> de &laquo;&nbsp;Espace de jeux&nbsp;&raquo;<\/span><\/a><\/p>\n","protected":false},"author":3,"featured_media":0,"parent":0,"menu_order":0,"comment_status":"closed","ping_status":"closed","template":"","meta":{"footnotes":""},"class_list":["post-610","page","type-page","status-publish","hentry"],"_links":{"self":[{"href":"https:\/\/edzacaire.fr\/index.php\/wp-json\/wp\/v2\/pages\/610","targetHints":{"allow":["GET"]}}],"collection":[{"href":"https:\/\/edzacaire.fr\/index.php\/wp-json\/wp\/v2\/pages"}],"about":[{"href":"https:\/\/edzacaire.fr\/index.php\/wp-json\/wp\/v2\/types\/page"}],"author":[{"embeddable":true,"href":"https:\/\/edzacaire.fr\/index.php\/wp-json\/wp\/v2\/users\/3"}],"replies":[{"embeddable":true,"href":"https:\/\/edzacaire.fr\/index.php\/wp-json\/wp\/v2\/comments?post=610"}],"version-history":[{"count":5,"href":"https:\/\/edzacaire.fr\/index.php\/wp-json\/wp\/v2\/pages\/610\/revisions"}],"predecessor-version":[{"id":781,"href":"https:\/\/edzacaire.fr\/index.php\/wp-json\/wp\/v2\/pages\/610\/revisions\/781"}],"wp:attachment":[{"href":"https:\/\/edzacaire.fr\/index.php\/wp-json\/wp\/v2\/media?parent=610"}],"curies":[{"name":"wp","href":"https:\/\/api.w.org\/{rel}","templated":true}]}}