{"id":435,"date":"2019-04-03T17:46:50","date_gmt":"2019-04-03T15:46:50","guid":{"rendered":"http:\/\/edzacaire.fr\/?page_id=435"},"modified":"2019-05-06T23:24:54","modified_gmt":"2019-05-06T21:24:54","slug":"les-zabbalins-du-caire","status":"publish","type":"page","link":"https:\/\/edzacaire.fr\/index.php\/les-zabbalins-du-caire\/","title":{"rendered":"Les Zabbalins du Caire"},"content":{"rendered":"\n<div class=\"wp-block-media-text alignwide\" style=\"grid-template-columns:36% auto\"><figure class=\"wp-block-media-text__media\"><img loading=\"lazy\" decoding=\"async\" width=\"860\" height=\"723\" src=\"https:\/\/edzacaire.fr\/wp-content\/uploads\/2019\/03\/Copie-2-de-SA\u00cfDI-Copie.jpg\" alt=\"\" class=\"wp-image-309\" srcset=\"https:\/\/edzacaire.fr\/wp-content\/uploads\/2019\/03\/Copie-2-de-SA\u00cfDI-Copie.jpg 860w, https:\/\/edzacaire.fr\/wp-content\/uploads\/2019\/03\/Copie-2-de-SA\u00cfDI-Copie-300x252.jpg 300w, https:\/\/edzacaire.fr\/wp-content\/uploads\/2019\/03\/Copie-2-de-SA\u00cfDI-Copie-768x646.jpg 768w\" sizes=\"auto, (max-width: 709px) 85vw, (max-width: 909px) 67vw, (max-width: 1362px) 62vw, 840px\" \/><\/figure><div class=\"wp-block-media-text__content\">\n<p>Les zabbalins du Moqattam et de Tourah sont des paysans venus de Haute-Egypte pour chercher du travail. Ils se sont install\u00e9s en p\u00e9riph\u00e9rie du Caire.<\/p>\n\n\n\n<p>Au Moqattam les Zabbalins collectent 40 tonnes d&rsquo;ordures dont 36 sont recycl\u00e9es dans la journ\u00e9e.<\/p>\n<\/div><\/div>\n\n\n\n<p>Ils accomplissent ainsi une t\u00e2che d&rsquo;assainissement dont Le Caire a le plus grand besoin.Ils prot\u00e8gent l&rsquo;environnement en recyclant 80% de la collecte et surtout, ils ont la fiert\u00e9 de gagner dignement leur vie.<\/p>\n","protected":false},"excerpt":{"rendered":"<p>Les zabbalins du Moqattam et de Tourah sont des paysans venus de Haute-Egypte pour chercher du travail. Ils se sont install\u00e9s en p\u00e9riph\u00e9rie du Caire. Au Moqattam les Zabbalins collectent 40 tonnes d&rsquo;ordures dont 36 sont recycl\u00e9es dans la journ\u00e9e. Ils accomplissent ainsi une t\u00e2che d&rsquo;assainissement dont Le Caire a le plus grand besoin.Ils prot\u00e8gent &hellip; <a href=\"https:\/\/edzacaire.fr\/index.php\/les-zabbalins-du-caire\/\" class=\"more-link\">Continuer la lecture<span class=\"screen-reader-text\"> de &laquo;&nbsp;Les Zabbalins du Caire&nbsp;&raquo;<\/span><\/a><\/p>\n","protected":false},"author":3,"featured_media":0,"parent":0,"menu_order":0,"comment_status":"closed","ping_status":"closed","template":"","meta":{"footnotes":""},"class_list":["post-435","page","type-page","status-publish","hentry"],"_links":{"self":[{"href":"https:\/\/edzacaire.fr\/index.php\/wp-json\/wp\/v2\/pages\/435","targetHints":{"allow":["GET"]}}],"collection":[{"href":"https:\/\/edzacaire.fr\/index.php\/wp-json\/wp\/v2\/pages"}],"about":[{"href":"https:\/\/edzacaire.fr\/index.php\/wp-json\/wp\/v2\/types\/page"}],"author":[{"embeddable":true,"href":"https:\/\/edzacaire.fr\/index.php\/wp-json\/wp\/v2\/users\/3"}],"replies":[{"embeddable":true,"href":"https:\/\/edzacaire.fr\/index.php\/wp-json\/wp\/v2\/comments?post=435"}],"version-history":[{"count":2,"href":"https:\/\/edzacaire.fr\/index.php\/wp-json\/wp\/v2\/pages\/435\/revisions"}],"predecessor-version":[{"id":783,"href":"https:\/\/edzacaire.fr\/index.php\/wp-json\/wp\/v2\/pages\/435\/revisions\/783"}],"wp:attachment":[{"href":"https:\/\/edzacaire.fr\/index.php\/wp-json\/wp\/v2\/media?parent=435"}],"curies":[{"name":"wp","href":"https:\/\/api.w.org\/{rel}","templated":true}]}}