{"id":431,"date":"2019-04-01T01:53:36","date_gmt":"2019-03-31T23:53:36","guid":{"rendered":"http:\/\/edzacaire.fr\/?page_id=431"},"modified":"2019-04-22T12:04:05","modified_gmt":"2019-04-22T10:04:05","slug":"nos-projets","status":"publish","type":"page","link":"https:\/\/edzacaire.fr\/index.php\/nos-projets\/","title":{"rendered":"Nos projets"},"content":{"rendered":"\n<h3 class=\"wp-block-heading\">EDZaCaire : Education et D\u00e9veloppement    avec les  Zabbalins du Caire  <br><\/h3>\n\n\n\n<p>L&rsquo;association  a pour but de r\u00e9pondre aux demandes issues de la population de Chiffonniers des bidonvilles du Caire sans distinction de religion.<\/p>\n\n\n\n<p>Il a une dizaine de bidonvilles de Zabbalins  au Caire, pour une population estim\u00e9e \u00e0 pr\u00e8s de 100.000 personnes. <\/p>\n\n\n\n<p>Nous agissons pour des projets \u00e0 caract\u00e8re social, \u00e9ducatif et sanitaire : jardins d&rsquo;enfants, alphab\u00e9tisation, micro-cr\u00e9dits etc&#8230;.  <\/p>\n\n\n\n<div class=\"wp-block-image\"><figure class=\"aligncenter is-resized\"><img loading=\"lazy\" decoding=\"async\" src=\"https:\/\/edzacaire.fr\/wp-content\/uploads\/2019\/04\/BK-Enfants-du-Moqattam-Copie-1024x691.jpg\" alt=\"\" class=\"wp-image-518\" width=\"304\" height=\"204\" srcset=\"https:\/\/edzacaire.fr\/wp-content\/uploads\/2019\/04\/BK-Enfants-du-Moqattam-Copie-1024x691.jpg 1024w, https:\/\/edzacaire.fr\/wp-content\/uploads\/2019\/04\/BK-Enfants-du-Moqattam-Copie-768x519.jpg 768w, https:\/\/edzacaire.fr\/wp-content\/uploads\/2019\/04\/BK-Enfants-du-Moqattam-Copie.jpg 1173w\" sizes=\"auto, (max-width: 304px) 85vw, 304px\" \/><figcaption>                      Enfants joyeux des bidonvilles<\/figcaption><\/figure><\/div>\n\n\n\n<p>Apr\u00e8s avoir soutenu les projets de la Maison pour Tous de Maadi-Tourah 2006 \u00e0 2016, nous apportons notre soutien \u00e0 des projets issus de la Communaut\u00e9 des Chiffonniers de Menshiet-Nasser  au Moqattam. <\/p>\n","protected":false},"excerpt":{"rendered":"<p>EDZaCaire : Education et D\u00e9veloppement avec les Zabbalins du Caire L&rsquo;association a pour but de r\u00e9pondre aux demandes issues de la population de Chiffonniers des bidonvilles du Caire sans distinction de religion. Il a une dizaine de bidonvilles de Zabbalins au Caire, pour une population estim\u00e9e \u00e0 pr\u00e8s de 100.000 personnes. Nous agissons pour des &hellip; <a href=\"https:\/\/edzacaire.fr\/index.php\/nos-projets\/\" class=\"more-link\">Continuer la lecture<span class=\"screen-reader-text\"> de &laquo;&nbsp;Nos projets&nbsp;&raquo;<\/span><\/a><\/p>\n","protected":false},"author":3,"featured_media":0,"parent":0,"menu_order":0,"comment_status":"closed","ping_status":"closed","template":"","meta":{"footnotes":""},"class_list":["post-431","page","type-page","status-publish","hentry"],"_links":{"self":[{"href":"https:\/\/edzacaire.fr\/index.php\/wp-json\/wp\/v2\/pages\/431","targetHints":{"allow":["GET"]}}],"collection":[{"href":"https:\/\/edzacaire.fr\/index.php\/wp-json\/wp\/v2\/pages"}],"about":[{"href":"https:\/\/edzacaire.fr\/index.php\/wp-json\/wp\/v2\/types\/page"}],"author":[{"embeddable":true,"href":"https:\/\/edzacaire.fr\/index.php\/wp-json\/wp\/v2\/users\/3"}],"replies":[{"embeddable":true,"href":"https:\/\/edzacaire.fr\/index.php\/wp-json\/wp\/v2\/comments?post=431"}],"version-history":[{"count":16,"href":"https:\/\/edzacaire.fr\/index.php\/wp-json\/wp\/v2\/pages\/431\/revisions"}],"predecessor-version":[{"id":707,"href":"https:\/\/edzacaire.fr\/index.php\/wp-json\/wp\/v2\/pages\/431\/revisions\/707"}],"wp:attachment":[{"href":"https:\/\/edzacaire.fr\/index.php\/wp-json\/wp\/v2\/media?parent=431"}],"curies":[{"name":"wp","href":"https:\/\/api.w.org\/{rel}","templated":true}]}}