{"id":17,"date":"2019-02-28T12:21:31","date_gmt":"2019-02-28T11:21:31","guid":{"rendered":"http:\/\/edzacaire.fr\/?page_id=17"},"modified":"2023-02-09T16:21:18","modified_gmt":"2023-02-09T15:21:18","slug":"comment-nous-aider","status":"publish","type":"page","link":"https:\/\/edzacaire.fr\/index.php\/comment-nous-aider\/","title":{"rendered":"Comment nous aider ?"},"content":{"rendered":"\n<h2 class=\"wp-block-heading\">DONS<\/h2>\n\n\n\n<div class=\"wp-block-file\"><a id=\"wp-block-file--media-1aed8fd3-3e14-4d95-a698-613fc141cebf\" href=\"https:\/\/edzacaire.fr\/wp-content\/uploads\/2023\/02\/EDZACAIRE-ADHESION-2023.odt\">EDZACAIRE-ADHESION-2023<\/a><a href=\"https:\/\/edzacaire.fr\/wp-content\/uploads\/2023\/02\/EDZACAIRE-ADHESION-2023.odt\" class=\"wp-block-file__button wp-element-button\" download aria-describedby=\"wp-block-file--media-1aed8fd3-3e14-4d95-a698-613fc141cebf\">T\u00e9l\u00e9charger<\/a><\/div>\n\n\n\n<p>Pour nous aider vous pouvez faire des dons bien s\u00fbr. <strong>EDZaCaire<\/strong> est une association fran\u00e7aise, loi de 1901, reconnue d\u2019int\u00e9r\u00eat g\u00e9n\u00e9ral, <strong>donnant<\/strong> <strong>droit \u00e0 une d\u00e9duction d\u2019imp\u00f4t de 66% de votre don.<\/strong><\/p>\n\n\n\n<p><\/p>\n\n\n\n<h2 class=\"wp-block-heading\">Adh\u00e9rez \u00e0 l&rsquo;association<\/h2>\n\n\n\n<p>Un autre moyen de nous aider est d&rsquo;adh\u00e9rer \u00e0 l&rsquo;association. Pour une association le nombre d&rsquo;adh\u00e9rents est important car il peut permettre  d&rsquo;obtenir des subventions. La cotisation est de 15 euros par an.<\/p>\n\n\n\n<h2 class=\"wp-block-heading\">Le loto<\/h2>\n\n\n\n<p>Venez participer au loto que nous organisons chaque ann\u00e9e, \u00e0 Yerres. Vous pourrez gagner de nombreux  lots, tout en nous aidant \u00e0 r\u00e9colter des financements pour nos actions.<\/p>\n\n\n<div class=\"wp-block-image\">\n<figure class=\"aligncenter is-resized\"><img loading=\"lazy\" decoding=\"async\" src=\"https:\/\/edzacaire.fr\/wp-content\/uploads\/2019\/02\/Loto_en_salle-1024x512.jpg\" alt=\"\" class=\"wp-image-60\" width=\"492\" height=\"247\" srcset=\"https:\/\/edzacaire.fr\/wp-content\/uploads\/2019\/02\/Loto_en_salle-1024x512.jpg 1024w, https:\/\/edzacaire.fr\/wp-content\/uploads\/2019\/02\/Loto_en_salle-300x150.jpg 300w, https:\/\/edzacaire.fr\/wp-content\/uploads\/2019\/02\/Loto_en_salle-768x384.jpg 768w, https:\/\/edzacaire.fr\/wp-content\/uploads\/2019\/02\/Loto_en_salle.jpg 1200w\" sizes=\"auto, (max-width: 492px) 85vw, 492px\" \/><figcaption class=\"wp-element-caption\">Loto \u00e0 Yerres<\/figcaption><\/figure>\n<\/div>","protected":false},"excerpt":{"rendered":"<p>DONS Pour nous aider vous pouvez faire des dons bien s\u00fbr. EDZaCaire est une association fran\u00e7aise, loi de 1901, reconnue d\u2019int\u00e9r\u00eat g\u00e9n\u00e9ral, donnant droit \u00e0 une d\u00e9duction d\u2019imp\u00f4t de 66% de votre don. Adh\u00e9rez \u00e0 l&rsquo;association Un autre moyen de nous aider est d&rsquo;adh\u00e9rer \u00e0 l&rsquo;association. Pour une association le nombre d&rsquo;adh\u00e9rents est important car &hellip; <a href=\"https:\/\/edzacaire.fr\/index.php\/comment-nous-aider\/\" class=\"more-link\">Continuer la lecture<span class=\"screen-reader-text\"> de &laquo;&nbsp;Comment nous aider ?&nbsp;&raquo;<\/span><\/a><\/p>\n","protected":false},"author":3,"featured_media":0,"parent":0,"menu_order":0,"comment_status":"closed","ping_status":"closed","template":"","meta":{"footnotes":""},"class_list":["post-17","page","type-page","status-publish","hentry"],"_links":{"self":[{"href":"https:\/\/edzacaire.fr\/index.php\/wp-json\/wp\/v2\/pages\/17","targetHints":{"allow":["GET"]}}],"collection":[{"href":"https:\/\/edzacaire.fr\/index.php\/wp-json\/wp\/v2\/pages"}],"about":[{"href":"https:\/\/edzacaire.fr\/index.php\/wp-json\/wp\/v2\/types\/page"}],"author":[{"embeddable":true,"href":"https:\/\/edzacaire.fr\/index.php\/wp-json\/wp\/v2\/users\/3"}],"replies":[{"embeddable":true,"href":"https:\/\/edzacaire.fr\/index.php\/wp-json\/wp\/v2\/comments?post=17"}],"version-history":[{"count":18,"href":"https:\/\/edzacaire.fr\/index.php\/wp-json\/wp\/v2\/pages\/17\/revisions"}],"predecessor-version":[{"id":1231,"href":"https:\/\/edzacaire.fr\/index.php\/wp-json\/wp\/v2\/pages\/17\/revisions\/1231"}],"wp:attachment":[{"href":"https:\/\/edzacaire.fr\/index.php\/wp-json\/wp\/v2\/media?parent=17"}],"curies":[{"name":"wp","href":"https:\/\/api.w.org\/{rel}","templated":true}]}}