{"id":15,"date":"2019-02-28T12:21:31","date_gmt":"2019-02-28T11:21:31","guid":{"rendered":"http:\/\/edzacaire.fr\/?page_id=15"},"modified":"2019-05-06T23:28:53","modified_gmt":"2019-05-06T21:28:53","slug":"qui-sommes-nous","status":"publish","type":"page","link":"https:\/\/edzacaire.fr\/index.php\/qui-sommes-nous\/","title":{"rendered":"Qui sommes nous ?"},"content":{"rendered":"\n<h3 class=\"wp-block-heading\"><strong>L&rsquo;association en 3 questions !\ufeff<\/strong><\/h3>\n\n\n\n<h3 class=\"wp-block-heading\">Qu&rsquo;est ce qu&rsquo;un Zabbalin ?<\/h3>\n\n\n\n<div class=\"wp-block-image\"><figure class=\"aligncenter is-resized\"><img loading=\"lazy\" decoding=\"async\" src=\"https:\/\/edzacaire.fr\/wp-content\/uploads\/2019\/02\/2_hommes_sur_d\u00e9charge-1024x684.jpg\" alt=\"\" class=\"wp-image-41\" width=\"429\" height=\"285\" srcset=\"https:\/\/edzacaire.fr\/wp-content\/uploads\/2019\/02\/2_hommes_sur_d\u00e9charge-300x200.jpg 300w, https:\/\/edzacaire.fr\/wp-content\/uploads\/2019\/02\/2_hommes_sur_d\u00e9charge.jpg 1528w\" sizes=\"auto, (max-width: 429px) 85vw, 429px\" \/><figcaption>                    Deux Zabbalins ( Chiffonniers ) sur une d\u00e9charge<\/figcaption><\/figure><\/div>\n\n\n\n<p>C&rsquo;est la traduction \u00e9gyptienne de chiffonnier (ramasseur de poubelles). Les Zabbalins du Moqattam et Tourah, sont des paysans qui ont fuit, par milliers, la mis\u00e8re des campagnes de Haute Egypte, pour s\u2019installer en p\u00e9riph\u00e9rie du Caire. Habitu\u00e9s depuis des   g\u00e9n\u00e9rations aux dures conditions de la vie rurale,  ainsi qu\u2019\u00e0 une \u00e9conomie rigoureuse, ils se sont mis \u00e0 collecter les  ordures qu\u2019ils   trient, recyclent et vendent \u00e0 des entreprises.  <\/p>\n\n\n\n<p> Ils accomplissent ainsi une t\u00e2che d\u2019assainissement dont Le Caire a le plus grand besoin.     <\/p>\n\n\n\n<p>Cette population se divise en deux communaut\u00e9s religieuses, copte orthodoxe et musulmane.   <br><\/p>\n\n\n\n<h3 class=\"wp-block-heading\">Quelle est leur r\u00e9alit\u00e9 ?<\/h3>\n\n\n\n<p>Leur profession et leurs conditions de vie insalubres, leur attirent le\nm\u00e9pris du reste de la population Cairote.<\/p>\n\n\n\n<p>Ce&nbsp; m\u00e9pris s&rsquo;ajoute aux tensions inter-religieuses du Moyen Orient\net g\u00e9n\u00e8re des tentations de repli communautaire, autour des lieux de culte.<\/p>\n\n\n\n<p>Malgr\u00e9 ces conditions de vie plus que pr\u00e9caires \u00e0 nos yeux, il se trouve\nsur place, des hommes et des&nbsp; femmes qui souhaitent prendre leur vie en\nmain. Ils ont des projets de d\u00e9veloppement pour leur communaut\u00e9 et souhaitent\nd\u00e9passer le cadre des m\u00e9fiances inter religieuses.&nbsp;<\/p>\n\n\n\n<h3 class=\"wp-block-heading\">Et nous dans tout \u00e7a ?<\/h3>\n\n\n\n<p>Nous croyons dans cette dynamique que nous n&rsquo;avons pas initi\u00e9e.<\/p>\n\n\n\n<p>Dans ce cadre, nous leur apportons&nbsp; un soutien logistique et&nbsp;\nfinancier pour la r\u00e9alisation de leurs projets.<\/p>\n\n\n\n<p>Nous croyons \u00e0 l&rsquo;importance de l&rsquo;\u00e9ducation dans un climat de tol\u00e9rance.\nCes deux objectifs rel\u00e8vent d&rsquo;un travail de fond. Cette d\u00e9marche n&rsquo;a de sens\nque si elle s&rsquo;inscrit dans la dur\u00e9e.<\/p>\n\n\n\n<p>Nous poursuivons ces objectifs, pour les plus anciens d&rsquo;entre nous\ndepuis 1990.<\/p>\n\n\n\n<h2 class=\"wp-block-heading\">L&rsquo;association EDZaCaire<\/h2>\n\n\n\n<p>Une dynamique s&rsquo;est cr\u00e9e, nous voulons la poursuivre&#8230;&#8230;..Avec vous&#8230;&#8230;.<\/p>\n\n\n\n<p>L\u2019association est issue de la coop\u00e9ration de Scouts fran\u00e7ais et de Scouts chiffonniers, dans des bidonvilles du Caire de 1990 \u00e0 2011.<\/p>\n\n\n\n<div class=\"wp-block-image\"><figure class=\"aligncenter is-resized\"><img loading=\"lazy\" decoding=\"async\" src=\"https:\/\/edzacaire.fr\/wp-content\/uploads\/2019\/03\/g15edzacaire-1.jpg\" alt=\"\" class=\"wp-image-137\" width=\"313\" height=\"249\" srcset=\"https:\/\/edzacaire.fr\/wp-content\/uploads\/2019\/03\/g15edzacaire-1.jpg 531w, https:\/\/edzacaire.fr\/wp-content\/uploads\/2019\/03\/g15edzacaire-1-300x238.jpg 300w\" sizes=\"auto, (max-width: 313px) 85vw, 313px\" \/><\/figure><\/div>\n\n\n\n<p><strong>Elle a \u00e9t\u00e9 cr\u00e9\u00e9e en 2006<\/strong> pour soutenir financi\u00e8rement les activit\u00e9s de la Maison pour Tous construite avec les Scouts et g\u00e9r\u00e9e par des Chiffonniers dans le bidonville de Maadi-Tourah.<\/p>\n\n\n\n<p><strong>But<\/strong> :&nbsp;&nbsp;&nbsp; R\u00e9pondre aux demandes issues de la population de Chiffonniers dans des bidonvilles du Caire, &nbsp;sans distinction de religion.<\/p>\n\n\n\n<p><strong>Objectifs<\/strong>:  Favoriser des actions de d\u00e9veloppement \u00e0 caract\u00e8re : Social, \u00c9ducatif et Sanitaire.<\/p>\n\n\n\n<p>M\u00eame si ce n&rsquo;est qu&rsquo;une goutte d&rsquo;eau dans l&rsquo;oc\u00e9an, nous pensons qu&rsquo;il faut faire ce que nous pouvons pour que chacun puisse vivre dans son pays au lieu de \u00ab\u00a0r\u00eaver\u00a0\u00bb d&rsquo;\u00e9migration.<\/p>\n\n\n\n<p><strong>EDZaCaire<\/strong> est une association fran\u00e7aise\nloi de 1901, reconnue d&rsquo;int\u00e9r\u00eat g\u00e9n\u00e9ral, <strong>donnant<\/strong>\n<strong>droit \u00e0 une d\u00e9duction d\u2019imp\u00f4t de 66% de\nvotre don.<\/strong><\/p>\n\n\n\n<div class=\"wp-block-image\"><figure class=\"aligncenter is-resized\"><img loading=\"lazy\" decoding=\"async\" src=\"https:\/\/edzacaire.fr\/wp-content\/uploads\/2019\/04\/a6-Ecole-Primaire-St-Pierre-724x1024.jpg\" alt=\"\" class=\"wp-image-569\" width=\"345\" height=\"487\" srcset=\"https:\/\/edzacaire.fr\/wp-content\/uploads\/2019\/04\/a6-Ecole-Primaire-St-Pierre-724x1024.jpg 724w, https:\/\/edzacaire.fr\/wp-content\/uploads\/2019\/04\/a6-Ecole-Primaire-St-Pierre-212x300.jpg 212w, https:\/\/edzacaire.fr\/wp-content\/uploads\/2019\/04\/a6-Ecole-Primaire-St-Pierre-768x1087.jpg 768w, https:\/\/edzacaire.fr\/wp-content\/uploads\/2019\/04\/a6-Ecole-Primaire-St-Pierre.jpg 788w\" sizes=\"auto, (max-width: 345px) 85vw, 345px\" \/><\/figure><\/div>\n\n\n\n<p><\/p>\n","protected":false},"excerpt":{"rendered":"<p>L&rsquo;association en 3 questions !\ufeff Qu&rsquo;est ce qu&rsquo;un Zabbalin ? C&rsquo;est la traduction \u00e9gyptienne de chiffonnier (ramasseur de poubelles). Les Zabbalins du Moqattam et Tourah, sont des paysans qui ont fuit, par milliers, la mis\u00e8re des campagnes de Haute Egypte, pour s\u2019installer en p\u00e9riph\u00e9rie du Caire. Habitu\u00e9s depuis des g\u00e9n\u00e9rations aux dures conditions de la &hellip; <a href=\"https:\/\/edzacaire.fr\/index.php\/qui-sommes-nous\/\" class=\"more-link\">Continuer la lecture<span class=\"screen-reader-text\"> de &laquo;&nbsp;Qui sommes nous ?&nbsp;&raquo;<\/span><\/a><\/p>\n","protected":false},"author":3,"featured_media":0,"parent":0,"menu_order":0,"comment_status":"closed","ping_status":"closed","template":"","meta":{"footnotes":""},"class_list":["post-15","page","type-page","status-publish","hentry"],"_links":{"self":[{"href":"https:\/\/edzacaire.fr\/index.php\/wp-json\/wp\/v2\/pages\/15","targetHints":{"allow":["GET"]}}],"collection":[{"href":"https:\/\/edzacaire.fr\/index.php\/wp-json\/wp\/v2\/pages"}],"about":[{"href":"https:\/\/edzacaire.fr\/index.php\/wp-json\/wp\/v2\/types\/page"}],"author":[{"embeddable":true,"href":"https:\/\/edzacaire.fr\/index.php\/wp-json\/wp\/v2\/users\/3"}],"replies":[{"embeddable":true,"href":"https:\/\/edzacaire.fr\/index.php\/wp-json\/wp\/v2\/comments?post=15"}],"version-history":[{"count":42,"href":"https:\/\/edzacaire.fr\/index.php\/wp-json\/wp\/v2\/pages\/15\/revisions"}],"predecessor-version":[{"id":785,"href":"https:\/\/edzacaire.fr\/index.php\/wp-json\/wp\/v2\/pages\/15\/revisions\/785"}],"wp:attachment":[{"href":"https:\/\/edzacaire.fr\/index.php\/wp-json\/wp\/v2\/media?parent=15"}],"curies":[{"name":"wp","href":"https:\/\/api.w.org\/{rel}","templated":true}]}}