{"id":113,"date":"2019-03-05T16:36:45","date_gmt":"2019-03-05T15:36:45","guid":{"rendered":"http:\/\/edzacaire.fr\/?page_id=113"},"modified":"2022-04-04T18:47:37","modified_gmt":"2022-04-04T16:47:37","slug":"bureau","status":"publish","type":"page","link":"https:\/\/edzacaire.fr\/index.php\/bureau\/","title":{"rendered":"BUREAU"},"content":{"rendered":"\n<p>Pr\u00e9sidente : Marie-France BESTAULT<\/p>\n\n\n\n<p>Vice Pr\u00e9sidente : Elisabeth FAYARD<\/p>\n\n\n\n<p>Secr\u00e9taire : Martine LECOMPTE<\/p>\n\n\n\n<p>Secr\u00e9taire adjoint : Jean-Louis BRODY<\/p>\n\n\n\n<p>Tr\u00e9sorier : Mona Abdou<\/p>\n\n\n\n<p>Tr\u00e9sorier adjoint : Michel SELLIEZ<\/p>\n\n\n\n<p>Membres actifs : Annie BRODY, Thibault MAYEUR, Fr\u00e9d\u00e9ric VERSEAU<\/p>\n","protected":false},"excerpt":{"rendered":"<p>Pr\u00e9sidente : Marie-France BESTAULT Vice Pr\u00e9sidente : Elisabeth FAYARD Secr\u00e9taire : Martine LECOMPTE Secr\u00e9taire adjoint : Jean-Louis BRODY Tr\u00e9sorier : Mona Abdou Tr\u00e9sorier adjoint : Michel SELLIEZ Membres actifs : Annie BRODY, Thibault MAYEUR, Fr\u00e9d\u00e9ric VERSEAU<\/p>\n","protected":false},"author":2,"featured_media":0,"parent":0,"menu_order":0,"comment_status":"closed","ping_status":"closed","template":"","meta":{"footnotes":""},"class_list":["post-113","page","type-page","status-publish","hentry"],"_links":{"self":[{"href":"https:\/\/edzacaire.fr\/index.php\/wp-json\/wp\/v2\/pages\/113","targetHints":{"allow":["GET"]}}],"collection":[{"href":"https:\/\/edzacaire.fr\/index.php\/wp-json\/wp\/v2\/pages"}],"about":[{"href":"https:\/\/edzacaire.fr\/index.php\/wp-json\/wp\/v2\/types\/page"}],"author":[{"embeddable":true,"href":"https:\/\/edzacaire.fr\/index.php\/wp-json\/wp\/v2\/users\/2"}],"replies":[{"embeddable":true,"href":"https:\/\/edzacaire.fr\/index.php\/wp-json\/wp\/v2\/comments?post=113"}],"version-history":[{"count":6,"href":"https:\/\/edzacaire.fr\/index.php\/wp-json\/wp\/v2\/pages\/113\/revisions"}],"predecessor-version":[{"id":1029,"href":"https:\/\/edzacaire.fr\/index.php\/wp-json\/wp\/v2\/pages\/113\/revisions\/1029"}],"wp:attachment":[{"href":"https:\/\/edzacaire.fr\/index.php\/wp-json\/wp\/v2\/media?parent=113"}],"curies":[{"name":"wp","href":"https:\/\/api.w.org\/{rel}","templated":true}]}}