{"id":109,"date":"2019-03-05T16:31:01","date_gmt":"2019-03-05T15:31:01","guid":{"rendered":"http:\/\/edzacaire.fr\/?page_id=109"},"modified":"2025-01-11T18:19:00","modified_gmt":"2025-01-11T17:19:00","slug":"adhesion","status":"publish","type":"page","link":"https:\/\/edzacaire.fr\/index.php\/adhesion\/","title":{"rendered":"Adh\u00e9sion"},"content":{"rendered":"\n<h2 class=\"wp-block-heading\">Comment adh\u00e9rer \u00e0 EDZaCaire<\/h2>\n\n\n\n<p>En adh\u00e9rant \u00e0 l&rsquo;association vous serez r\u00e9guli\u00e8rement inform\u00e9. Il est tr\u00e8s important pour nous d&rsquo;avoir un nombre d&rsquo;adh\u00e9rents  cons\u00e9quent,  cela nous aide \u00e0 obtenir des subventions.<\/p>\n\n\n\n<p>Pour cela il vous suffit d&rsquo;imprimer et de nous renvoyer le bulletin que vous pouvez t\u00e9l\u00e9charger ci dessous.<\/p>\n\n\n\n<p>Vous pouvez aussi joindre  un don qui nous aidera \u00e0 financer les projets des Zabbalins et qui est d\u00e9ductible des imp\u00f4ts.<\/p>\n\n\n\n<figure class=\"wp-block-image size-large\"><img loading=\"lazy\" decoding=\"async\" width=\"724\" height=\"1024\" src=\"https:\/\/edzacaire.fr\/wp-content\/uploads\/2025\/01\/BULLETIN-ADHESION-2025-4-pdf-724x1024.jpg\" alt=\"\" class=\"wp-image-1241\"\/><\/figure>\n\n\n\n<p><\/p>\n","protected":false},"excerpt":{"rendered":"<p>Comment adh\u00e9rer \u00e0 EDZaCaire En adh\u00e9rant \u00e0 l&rsquo;association vous serez r\u00e9guli\u00e8rement inform\u00e9. Il est tr\u00e8s important pour nous d&rsquo;avoir un nombre d&rsquo;adh\u00e9rents cons\u00e9quent, cela nous aide \u00e0 obtenir des subventions. Pour cela il vous suffit d&rsquo;imprimer et de nous renvoyer le bulletin que vous pouvez t\u00e9l\u00e9charger ci dessous. Vous pouvez aussi joindre un don qui &hellip; <a href=\"https:\/\/edzacaire.fr\/index.php\/adhesion\/\" class=\"more-link\">Continuer la lecture<span class=\"screen-reader-text\"> de &laquo;&nbsp;Adh\u00e9sion&nbsp;&raquo;<\/span><\/a><\/p>\n","protected":false},"author":2,"featured_media":0,"parent":0,"menu_order":0,"comment_status":"closed","ping_status":"closed","template":"","meta":{"footnotes":""},"class_list":["post-109","page","type-page","status-publish","hentry"],"_links":{"self":[{"href":"https:\/\/edzacaire.fr\/index.php\/wp-json\/wp\/v2\/pages\/109","targetHints":{"allow":["GET"]}}],"collection":[{"href":"https:\/\/edzacaire.fr\/index.php\/wp-json\/wp\/v2\/pages"}],"about":[{"href":"https:\/\/edzacaire.fr\/index.php\/wp-json\/wp\/v2\/types\/page"}],"author":[{"embeddable":true,"href":"https:\/\/edzacaire.fr\/index.php\/wp-json\/wp\/v2\/users\/2"}],"replies":[{"embeddable":true,"href":"https:\/\/edzacaire.fr\/index.php\/wp-json\/wp\/v2\/comments?post=109"}],"version-history":[{"count":18,"href":"https:\/\/edzacaire.fr\/index.php\/wp-json\/wp\/v2\/pages\/109\/revisions"}],"predecessor-version":[{"id":1242,"href":"https:\/\/edzacaire.fr\/index.php\/wp-json\/wp\/v2\/pages\/109\/revisions\/1242"}],"wp:attachment":[{"href":"https:\/\/edzacaire.fr\/index.php\/wp-json\/wp\/v2\/media?parent=109"}],"curies":[{"name":"wp","href":"https:\/\/api.w.org\/{rel}","templated":true}]}}